{"id":416,"date":"2021-03-05T13:28:17","date_gmt":"2021-03-05T12:28:17","guid":{"rendered":"https:\/\/kunstundfotografie.de\/public\/?page_id=416"},"modified":"2021-03-12T12:28:11","modified_gmt":"2021-03-12T11:28:11","slug":"informiert-bleiben","status":"publish","type":"page","link":"https:\/\/kunstundfotografie.de\/public\/informiert-bleiben\/","title":{"rendered":"informiert bleiben"},"content":{"rendered":"\n<p>Jede Form von Newsletter erfordert die Speicherung pers\u00f6nlicher Daten. Im Sinne der Datensparsamkeit m\u00f6chten wir derzeit auf die Einrichtung eines Newsletters noch verzichten. Insofern gibt es nur zwei M\u00f6glichkeiten.<\/p>\n\n\n\n<p>Regelm\u00e4\u00dfig vorbei schauen oder <a rel=\"noreferrer noopener\" href=\"https:\/\/kunstundfotografie.de\/public\/feed\/\" target=\"_blank\">den RSS-Feed<\/a> abonnieren.<\/p>\n\n\n\n<figure class=\"wp-block-image size-large is-resized\"><a href=\"https:\/\/kunstundfotografie.de\/public\/feed\/\" target=\"_blank\" rel=\"noopener\"><img loading=\"lazy\" decoding=\"async\" src=\"https:\/\/kunstundfotografie.de\/public\/wp-content\/uploads\/2021\/03\/index.png\" alt=\"\" class=\"wp-image-532\" width=\"96\" height=\"96\" srcset=\"https:\/\/kunstundfotografie.de\/public\/wp-content\/uploads\/2021\/03\/index.png 225w, https:\/\/kunstundfotografie.de\/public\/wp-content\/uploads\/2021\/03\/index-150x150.png 150w\" sizes=\"auto, (max-width: 96px) 100vw, 96px\" \/><\/a><\/figure>\n\n\n\n<p>Informationen und Hintergr\u00fcnde zu RSS sind in Wikipedia zu finden.<\/p>\n","protected":false},"excerpt":{"rendered":"<p>Jede Form von Newsletter erfordert die Speicherung pers\u00f6nlicher Daten. Im Sinne der Datensparsamkeit m\u00f6chten wir derzeit auf die Einrichtung eines Newsletters noch verzichten. Insofern gibt es nur zwei M\u00f6glichkeiten. Regelm\u00e4\u00dfig vorbei schauen oder den RSS-Feed abonnieren. Informationen und Hintergr\u00fcnde zu RSS sind in Wikipedia zu finden.<\/p>\n","protected":false},"author":1,"featured_media":0,"parent":0,"menu_order":0,"comment_status":"closed","ping_status":"closed","template":"full-width.php","meta":{"footnotes":""},"class_list":["post-416","page","type-page","status-publish","hentry"],"_links":{"self":[{"href":"https:\/\/kunstundfotografie.de\/public\/wp-json\/wp\/v2\/pages\/416","targetHints":{"allow":["GET"]}}],"collection":[{"href":"https:\/\/kunstundfotografie.de\/public\/wp-json\/wp\/v2\/pages"}],"about":[{"href":"https:\/\/kunstundfotografie.de\/public\/wp-json\/wp\/v2\/types\/page"}],"author":[{"embeddable":true,"href":"https:\/\/kunstundfotografie.de\/public\/wp-json\/wp\/v2\/users\/1"}],"replies":[{"embeddable":true,"href":"https:\/\/kunstundfotografie.de\/public\/wp-json\/wp\/v2\/comments?post=416"}],"version-history":[{"count":6,"href":"https:\/\/kunstundfotografie.de\/public\/wp-json\/wp\/v2\/pages\/416\/revisions"}],"predecessor-version":[{"id":584,"href":"https:\/\/kunstundfotografie.de\/public\/wp-json\/wp\/v2\/pages\/416\/revisions\/584"}],"wp:attachment":[{"href":"https:\/\/kunstundfotografie.de\/public\/wp-json\/wp\/v2\/media?parent=416"}],"curies":[{"name":"wp","href":"https:\/\/api.w.org\/{rel}","templated":true}]}}